{"id":2627,"date":"2025-03-16T01:19:31","date_gmt":"2025-03-16T00:19:31","guid":{"rendered":"https:\/\/drndigital.com\/demo\/fahrschule5\/?page_id=2627"},"modified":"2025-03-16T20:17:12","modified_gmt":"2025-03-16T19:17:12","slug":"vorstellung-zur-praktischen-pruefung","status":"publish","type":"page","link":"https:\/\/drndigital.com\/demo\/fahrschule5\/vorstellung-zur-praktischen-pruefung\/","title":{"rendered":"Vorstellung zur praktischen Pr\u00fcfung"},"content":{"rendered":"\t\t<div data-elementor-type=\"wp-page\" data-elementor-id=\"2627\" class=\"elementor elementor-2627\">\n\t\t\t\t<div class=\"elementor-element elementor-element-13541c8 service-details e-flex e-con-boxed e-con e-parent\" data-id=\"13541c8\" data-element_type=\"container\">\n\t\t\t\t\t<div class=\"e-con-inner\">\n\t\t<div class=\"elementor-element elementor-element-d610c3e e-con-full e-flex e-con e-child\" data-id=\"d610c3e\" data-element_type=\"container\">\n\t\t\t\t<div class=\"elementor-element elementor-element-48b8571 elementor-widget elementor-widget-sidebar-nav\" data-id=\"48b8571\" data-element_type=\"widget\" data-widget_type=\"sidebar-nav.default\">\n\t\t\t\t<div class=\"elementor-widget-container\">\n\t\t\t\t\t    <div class=\"service-sidebar__single  wow fadeInUp\" data-wow-delay='500ms'>\r\n        <h3 class=\"service-sidebar__title background-black-2\">UNSERE LEISTUNGEN<\/h3>                    <div class=\"menu-service-menu-container\"><ul id=\"menu-service-menu\" class=\"list-unstyled service-sidebar__nav ml-0\"><li id=\"menu-item-2675\" class=\"menu-item menu-item-type-post_type menu-item-object-page menu-item-2675\"><a href=\"https:\/\/drndigital.com\/demo\/fahrschule5\/fuehrerschein-klasse-b\/\">F\u00fchrerschein Klasse B<\/a><\/li>\n<li id=\"menu-item-2819\" class=\"menu-item menu-item-type-post_type menu-item-object-page menu-item-2819\"><a href=\"https:\/\/drndigital.com\/demo\/fahrschule5\/theorieunterricht\/\">Theorieunterricht (Theorie f\u00fcr den F\u00fchrerschein)<\/a><\/li>\n<li id=\"menu-item-2676\" class=\"menu-item menu-item-type-post_type menu-item-object-page menu-item-2676\"><a href=\"https:\/\/drndigital.com\/demo\/fahrschule5\/erste-hilfe-kurs-und-sehtest\/\">Erste Hilfe Kurs und Sehtest<\/a><\/li>\n<li id=\"menu-item-2670\" class=\"menu-item menu-item-type-post_type menu-item-object-page menu-item-2670\"><a href=\"https:\/\/drndigital.com\/demo\/fahrschule5\/fahrstunde\/\">Fahrstunde<\/a><\/li>\n<li id=\"menu-item-2672\" class=\"menu-item menu-item-type-post_type menu-item-object-page menu-item-2672\"><a href=\"https:\/\/drndigital.com\/demo\/fahrschule5\/ueberlandfahrt\/\">\u00dcberlandfahrt<\/a><\/li>\n<li id=\"menu-item-2671\" class=\"menu-item menu-item-type-post_type menu-item-object-page menu-item-2671\"><a href=\"https:\/\/drndigital.com\/demo\/fahrschule5\/autobahnfahrt\/\">Autobahnfahrt<\/a><\/li>\n<li id=\"menu-item-2674\" class=\"menu-item menu-item-type-post_type menu-item-object-page menu-item-2674\"><a href=\"https:\/\/drndigital.com\/demo\/fahrschule5\/nachtfahrt\/\">Nachtfahrt<\/a><\/li>\n<li id=\"menu-item-2673\" class=\"menu-item menu-item-type-post_type menu-item-object-page menu-item-2673\"><a href=\"https:\/\/drndigital.com\/demo\/fahrschule5\/vorstellung-zur-praktischen-pruefung\/\">Vorstellung zur praktischen Pr\u00fcfung<\/a><\/li>\n<\/ul><\/div>            <\/div><!-- \/.service-sidebar__single -->\r\n\t\t\t\t<\/div>\n\t\t\t\t<\/div>\n\t\t\t\t<div class=\"elementor-element elementor-element-b2e5fa5 elementor-widget elementor-widget-drivschol-sidebar-call-to-action\" data-id=\"b2e5fa5\" data-element_type=\"widget\" data-widget_type=\"drivschol-sidebar-call-to-action.default\">\n\t\t\t\t<div class=\"elementor-widget-container\">\n\t\t\t\t\t\r\n    <div class=\"service-sidebar__single  wow fadeInUp\" data-wow-delay='500ms'>\r\n        <div class=\"service-sidebar__contact\">\r\n            <h3 class=\"service-sidebar__contact-title\">Erhalte eine kostenlose Beratung zum F\u00fchrerschein<\/h3>                            <div class=\"service-sidebar__contact-btn\">\r\n                    <a href=\"https:\/\/drndigital.com\/demo\/fahrschule5\/kontakt\/\"  class=\"drivschol-btn drivschol-btn--base2\">Kontakt aufnehmen<\/a>\r\n                <\/div><!-- \/.service-sidebar__contact__icon -->\r\n                        <div class=\"service-sidebar__contact-image\">\r\n                <img decoding=\"async\" src=\"https:\/\/drndigital.com\/demo\/fahrschule5\/wp-content\/uploads\/2023\/12\/service-m-1.png\" alt=\"service-m-1\" title=\"service-m-1\" >            <\/div>\r\n            <div class=\"service-sidebar__contact-angle\">\r\n                <svg width=\"370\" height=\"210\" viewBox=\"0 0 370 210\" fill=\"none\" xmlns=\"http:\/\/www.w3.org\/2000\/svg\">\r\n                    <path d=\"M259.647 0L0 210H370L259.647 0Z\" fill=\"#EC2526\" \/>\r\n                <\/svg>\r\n            <\/div>\r\n        <\/div><!-- \/.service-sidebar__contact -->\r\n    <\/div>\r\n\t\t\t\t<\/div>\n\t\t\t\t<\/div>\n\t\t\t\t<\/div>\n\t\t<div class=\"elementor-element elementor-element-dcbef44 e-con-full service-details__content e-flex e-con e-child\" data-id=\"dcbef44\" data-element_type=\"container\">\n\t\t\t\t<div class=\"elementor-element elementor-element-80ebdeb elementor-widget elementor-widget-image\" data-id=\"80ebdeb\" data-element_type=\"widget\" data-widget_type=\"image.default\">\n\t\t\t\t<div class=\"elementor-widget-container\">\n\t\t\t\t\t\t\t\t\t\t\t\t\t\t\t<img fetchpriority=\"high\" decoding=\"async\" width=\"640\" height=\"451\" src=\"https:\/\/drndigital.com\/demo\/fahrschule5\/wp-content\/uploads\/2025\/03\/Presentation-for-the-practical-examination.png\" class=\"attachment-large size-large wp-image-2778\" alt=\"\" srcset=\"https:\/\/drndigital.com\/demo\/fahrschule5\/wp-content\/uploads\/2025\/03\/Presentation-for-the-practical-examination.png 740w, https:\/\/drndigital.com\/demo\/fahrschule5\/wp-content\/uploads\/2025\/03\/Presentation-for-the-practical-examination-300x212.png 300w, https:\/\/drndigital.com\/demo\/fahrschule5\/wp-content\/uploads\/2025\/03\/Presentation-for-the-practical-examination-570x402.png 570w\" sizes=\"(max-width: 640px) 100vw, 640px\" \/>\t\t\t\t\t\t\t\t\t\t\t\t\t\t\t<\/div>\n\t\t\t\t<\/div>\n\t\t\t\t<div class=\"elementor-element elementor-element-c3dfe17 elementor-widget elementor-widget-heading\" data-id=\"c3dfe17\" data-element_type=\"widget\" data-widget_type=\"heading.default\">\n\t\t\t\t<div class=\"elementor-widget-container\">\n\t\t\t\t\t<h3 class=\"elementor-heading-title elementor-size-default\">Vorstellung zur praktischen Pr\u00fcfung<\/h3>\t\t\t\t<\/div>\n\t\t\t\t<\/div>\n\t\t\t\t<div class=\"elementor-element elementor-element-ac19539 elementor-widget elementor-widget-text-editor\" data-id=\"ac19539\" data-element_type=\"widget\" data-widget_type=\"text-editor.default\">\n\t\t\t\t<div class=\"elementor-widget-container\">\n\t\t\t\t\t\t\t\t\t<p data-start=\"3712\" data-end=\"3980\">Der gro\u00dfe Tag ist gekommen! Wir begleiten dich zur praktischen Pr\u00fcfung und stellen sicher, dass du optimal vorbereitet bist. Dein Fahrlehrer gibt dir vor der Pr\u00fcfung noch einmal wertvolle Tipps und sorgt daf\u00fcr, dass du mit einem sicheren Gef\u00fchl in die Pr\u00fcfung gehst.<\/p><p data-start=\"3982\" data-end=\"4006\">\ud83d\udcb0 <strong data-start=\"3985\" data-end=\"3995\">Preis:<\/strong> 150,00 \u20ac<\/p>\t\t\t\t\t\t\t\t<\/div>\n\t\t\t\t<\/div>\n\t\t\t\t<\/div>\n\t\t\t\t\t<\/div>\n\t\t\t\t<\/div>\n\t\t\t\t<\/div>\n\t\t","protected":false},"excerpt":{"rendered":"<p>UNSERE LEISTUNGEN F\u00fchrerschein Klasse B Erste Hilfe Kurs und Sehtest Fahrstunde \u00dcberlandfahrt Autobahnfahrt Nachtfahrt Vorstellung zur praktischen Pr\u00fcfung Erhalte eine kostenlose Beratung zum F\u00fchrerschein Kontakt aufnehmen Vorstellung zur praktischen Pr\u00fcfung Der gro\u00dfe Tag ist gekommen! Wir begleiten dich zur praktischen Pr\u00fcfung und stellen sicher, dass du optimal vorbereitet bist. Dein Fahrlehrer gibt dir vor der [&hellip;]<\/p>\n","protected":false},"author":1,"featured_media":0,"parent":0,"menu_order":0,"comment_status":"closed","ping_status":"closed","template":"elementor_header_footer","meta":{"footnotes":""},"class_list":["post-2627","page","type-page","status-publish","hentry"],"_links":{"self":[{"href":"https:\/\/drndigital.com\/demo\/fahrschule5\/wp-json\/wp\/v2\/pages\/2627","targetHints":{"allow":["GET"]}}],"collection":[{"href":"https:\/\/drndigital.com\/demo\/fahrschule5\/wp-json\/wp\/v2\/pages"}],"about":[{"href":"https:\/\/drndigital.com\/demo\/fahrschule5\/wp-json\/wp\/v2\/types\/page"}],"author":[{"embeddable":true,"href":"https:\/\/drndigital.com\/demo\/fahrschule5\/wp-json\/wp\/v2\/users\/1"}],"replies":[{"embeddable":true,"href":"https:\/\/drndigital.com\/demo\/fahrschule5\/wp-json\/wp\/v2\/comments?post=2627"}],"version-history":[{"count":7,"href":"https:\/\/drndigital.com\/demo\/fahrschule5\/wp-json\/wp\/v2\/pages\/2627\/revisions"}],"predecessor-version":[{"id":2799,"href":"https:\/\/drndigital.com\/demo\/fahrschule5\/wp-json\/wp\/v2\/pages\/2627\/revisions\/2799"}],"wp:attachment":[{"href":"https:\/\/drndigital.com\/demo\/fahrschule5\/wp-json\/wp\/v2\/media?parent=2627"}],"curies":[{"name":"wp","href":"https:\/\/api.w.org\/{rel}","templated":true}]}}