{"id":2587,"date":"2025-03-16T00:33:40","date_gmt":"2025-03-15T23:33:40","guid":{"rendered":"https:\/\/drndigital.com\/demo\/fahrschule5\/?page_id=2587"},"modified":"2025-03-16T01:15:11","modified_gmt":"2025-03-16T00:15:11","slug":"erste-hilfe-kurs-und-sehtest","status":"publish","type":"page","link":"https:\/\/drndigital.com\/demo\/fahrschule5\/erste-hilfe-kurs-und-sehtest\/","title":{"rendered":"Erste Hilfe Kurs und Sehtest"},"content":{"rendered":"\t\t<div data-elementor-type=\"wp-page\" data-elementor-id=\"2587\" class=\"elementor elementor-2587\">\n\t\t\t\t<div class=\"elementor-element elementor-element-13541c8 service-details e-flex e-con-boxed e-con e-parent\" data-id=\"13541c8\" data-element_type=\"container\">\n\t\t\t\t\t<div class=\"e-con-inner\">\n\t\t<div class=\"elementor-element elementor-element-d610c3e e-con-full e-flex e-con e-child\" data-id=\"d610c3e\" data-element_type=\"container\">\n\t\t\t\t<div class=\"elementor-element elementor-element-48b8571 elementor-widget elementor-widget-sidebar-nav\" data-id=\"48b8571\" data-element_type=\"widget\" data-widget_type=\"sidebar-nav.default\">\n\t\t\t\t<div class=\"elementor-widget-container\">\n\t\t\t\t\t    <div class=\"service-sidebar__single  wow fadeInUp\" data-wow-delay='500ms'>\r\n        <h3 class=\"service-sidebar__title background-black-2\">UNSERE LEISTUNGEN<\/h3>                    <div class=\"menu-service-menu-container\"><ul id=\"menu-service-menu\" class=\"list-unstyled service-sidebar__nav ml-0\"><li id=\"menu-item-2675\" class=\"menu-item menu-item-type-post_type menu-item-object-page menu-item-2675\"><a href=\"https:\/\/drndigital.com\/demo\/fahrschule5\/fuehrerschein-klasse-b\/\">F\u00fchrerschein Klasse B<\/a><\/li>\n<li id=\"menu-item-2819\" class=\"menu-item menu-item-type-post_type menu-item-object-page menu-item-2819\"><a href=\"https:\/\/drndigital.com\/demo\/fahrschule5\/theorieunterricht\/\">Theorieunterricht (Theorie f\u00fcr den F\u00fchrerschein)<\/a><\/li>\n<li id=\"menu-item-2676\" class=\"menu-item menu-item-type-post_type menu-item-object-page menu-item-2676\"><a href=\"https:\/\/drndigital.com\/demo\/fahrschule5\/erste-hilfe-kurs-und-sehtest\/\">Erste Hilfe Kurs und Sehtest<\/a><\/li>\n<li id=\"menu-item-2670\" class=\"menu-item menu-item-type-post_type menu-item-object-page menu-item-2670\"><a href=\"https:\/\/drndigital.com\/demo\/fahrschule5\/fahrstunde\/\">Fahrstunde<\/a><\/li>\n<li id=\"menu-item-2672\" class=\"menu-item menu-item-type-post_type menu-item-object-page menu-item-2672\"><a href=\"https:\/\/drndigital.com\/demo\/fahrschule5\/ueberlandfahrt\/\">\u00dcberlandfahrt<\/a><\/li>\n<li id=\"menu-item-2671\" class=\"menu-item menu-item-type-post_type menu-item-object-page menu-item-2671\"><a href=\"https:\/\/drndigital.com\/demo\/fahrschule5\/autobahnfahrt\/\">Autobahnfahrt<\/a><\/li>\n<li id=\"menu-item-2674\" class=\"menu-item menu-item-type-post_type menu-item-object-page menu-item-2674\"><a href=\"https:\/\/drndigital.com\/demo\/fahrschule5\/nachtfahrt\/\">Nachtfahrt<\/a><\/li>\n<li id=\"menu-item-2673\" class=\"menu-item menu-item-type-post_type menu-item-object-page menu-item-2673\"><a href=\"https:\/\/drndigital.com\/demo\/fahrschule5\/vorstellung-zur-praktischen-pruefung\/\">Vorstellung zur praktischen Pr\u00fcfung<\/a><\/li>\n<\/ul><\/div>            <\/div><!-- \/.service-sidebar__single -->\r\n\t\t\t\t<\/div>\n\t\t\t\t<\/div>\n\t\t\t\t<div class=\"elementor-element elementor-element-b2e5fa5 elementor-widget elementor-widget-drivschol-sidebar-call-to-action\" data-id=\"b2e5fa5\" data-element_type=\"widget\" data-widget_type=\"drivschol-sidebar-call-to-action.default\">\n\t\t\t\t<div class=\"elementor-widget-container\">\n\t\t\t\t\t\r\n    <div class=\"service-sidebar__single  wow fadeInUp\" data-wow-delay='500ms'>\r\n        <div class=\"service-sidebar__contact\">\r\n            <h3 class=\"service-sidebar__contact-title\">Erhalte eine kostenlose Beratung zum F\u00fchrerschein<\/h3>                            <div class=\"service-sidebar__contact-btn\">\r\n                    <a href=\"https:\/\/drndigital.com\/demo\/fahrschule5\/kontakt\/\"  class=\"drivschol-btn drivschol-btn--base2\">Kontakt aufnehmen<\/a>\r\n                <\/div><!-- \/.service-sidebar__contact__icon -->\r\n                        <div class=\"service-sidebar__contact-image\">\r\n                <img decoding=\"async\" src=\"https:\/\/drndigital.com\/demo\/fahrschule5\/wp-content\/uploads\/2023\/12\/service-m-1.png\" alt=\"service-m-1\" title=\"service-m-1\" >            <\/div>\r\n            <div class=\"service-sidebar__contact-angle\">\r\n                <svg width=\"370\" height=\"210\" viewBox=\"0 0 370 210\" fill=\"none\" xmlns=\"http:\/\/www.w3.org\/2000\/svg\">\r\n                    <path d=\"M259.647 0L0 210H370L259.647 0Z\" fill=\"#EC2526\" \/>\r\n                <\/svg>\r\n            <\/div>\r\n        <\/div><!-- \/.service-sidebar__contact -->\r\n    <\/div>\r\n\t\t\t\t<\/div>\n\t\t\t\t<\/div>\n\t\t\t\t<\/div>\n\t\t<div class=\"elementor-element elementor-element-dcbef44 e-con-full service-details__content e-flex e-con e-child\" data-id=\"dcbef44\" data-element_type=\"container\">\n\t\t\t\t<div class=\"elementor-element elementor-element-7ddbaf9 elementor-widget elementor-widget-video\" data-id=\"7ddbaf9\" data-element_type=\"widget\" data-settings=\"{&quot;youtube_url&quot;:&quot;https:\\\/\\\/youtu.be\\\/ZP1oCJUiB48&quot;,&quot;video_type&quot;:&quot;youtube&quot;,&quot;controls&quot;:&quot;yes&quot;}\" data-widget_type=\"video.default\">\n\t\t\t\t<div class=\"elementor-widget-container\">\n\t\t\t\t\t\t\t<div class=\"elementor-wrapper elementor-open-inline\">\n\t\t\t<div class=\"elementor-video\"><\/div>\t\t<\/div>\n\t\t\t\t\t\t<\/div>\n\t\t\t\t<\/div>\n\t\t\t\t<div class=\"elementor-element elementor-element-c3dfe17 elementor-widget elementor-widget-heading\" data-id=\"c3dfe17\" data-element_type=\"widget\" data-widget_type=\"heading.default\">\n\t\t\t\t<div class=\"elementor-widget-container\">\n\t\t\t\t\t<h3 class=\"elementor-heading-title elementor-size-default\">Erste Hilfe Kurs und Sehtest<\/h3>\t\t\t\t<\/div>\n\t\t\t\t<\/div>\n\t\t\t\t<div class=\"elementor-element elementor-element-ac19539 elementor-widget elementor-widget-text-editor\" data-id=\"ac19539\" data-element_type=\"widget\" data-widget_type=\"text-editor.default\">\n\t\t\t\t<div class=\"elementor-widget-container\">\n\t\t\t\t\t\t\t\t\t<p>Wer einen F\u00fchrerschein machen m\u00f6chte, kommt an einem nicht vorbei: Dem Nachweis, entweder einen Erste Hilfe Kurs, oder einen so genannten LSMU, den Lebensrettende Sofortma\u00dfnahmen am Unfallort Kurs erfolgreich durchgef\u00fchrt zu haben. Dabei sind die Voraussetzungen von F\u00fchrerschein zu F\u00fchrerschein unterschiedlich, und haben sich auch im Laufe der Jahre sehr ver\u00e4ndert.<\/p>\n<p>W\u00e4hrend im Bereich des PKW-F\u00fchrerscheins beispielsweise fr\u00fcher nur ein abgeschlossener einfacher Erste Hilfe Kurs erforderlich war, der auch nur so genannt wurde, muss heute ein Kurs f\u00fcr Lebensrettende Sofortma\u00dfnahmen am Unfallort durchgef\u00fchrt werden. Der inzwischen als Erste Hilfe Kurs gesetzlich festgelegte Lehrgang wird inzwischen auch als Gro\u00dfer Erste Hilfe Kurs bezeichnet.<\/p>\n<p data-start=\"842\" data-end=\"900\"><img decoding=\"async\" draggable=\"false\" role=\"img\" class=\"emoji\" alt=\"\ud83d\udcb0\" src=\"https:\/\/s.w.org\/images\/core\/emoji\/15.0.3\/svg\/1f4b0.svg\"> <strong data-start=\"845\" data-end=\"866\">Erste-Hilfe-Kurs:<\/strong> 30,- \u20ac<br data-start=\"873\" data-end=\"876\"><img decoding=\"async\" draggable=\"false\" role=\"img\" class=\"emoji\" alt=\"\ud83d\udcb0\" src=\"https:\/\/s.w.org\/images\/core\/emoji\/15.0.3\/svg\/1f4b0.svg\"> <strong data-start=\"879\" data-end=\"891\">Sehtest:<\/strong> 10,- \u20ac<\/p>\t\t\t\t\t\t\t\t<\/div>\n\t\t\t\t<\/div>\n\t\t\t\t<\/div>\n\t\t\t\t\t<\/div>\n\t\t\t\t<\/div>\n\t\t\t\t<\/div>\n\t\t","protected":false},"excerpt":{"rendered":"<p>UNSERE LEISTUNGEN Safety Instruction Road Safety Guide Road Guidelines Driver Insurance Motorcycle Training Driving License Erhalte eine kostenlose Beratung zum F\u00fchrerschein Kontakt aufnehmen Erste Hilfe Kurs und Sehtest Wer einen F\u00fchrerschein machen m\u00f6chte, kommt an einem nicht vorbei: Dem Nachweis, entweder einen Erste Hilfe Kurs, oder einen so genannten LSMU, den Lebensrettende Sofortma\u00dfnahmen am Unfallort [&hellip;]<\/p>\n","protected":false},"author":1,"featured_media":0,"parent":0,"menu_order":0,"comment_status":"closed","ping_status":"closed","template":"elementor_header_footer","meta":{"footnotes":""},"class_list":["post-2587","page","type-page","status-publish","hentry"],"_links":{"self":[{"href":"https:\/\/drndigital.com\/demo\/fahrschule5\/wp-json\/wp\/v2\/pages\/2587","targetHints":{"allow":["GET"]}}],"collection":[{"href":"https:\/\/drndigital.com\/demo\/fahrschule5\/wp-json\/wp\/v2\/pages"}],"about":[{"href":"https:\/\/drndigital.com\/demo\/fahrschule5\/wp-json\/wp\/v2\/types\/page"}],"author":[{"embeddable":true,"href":"https:\/\/drndigital.com\/demo\/fahrschule5\/wp-json\/wp\/v2\/users\/1"}],"replies":[{"embeddable":true,"href":"https:\/\/drndigital.com\/demo\/fahrschule5\/wp-json\/wp\/v2\/comments?post=2587"}],"version-history":[{"count":16,"href":"https:\/\/drndigital.com\/demo\/fahrschule5\/wp-json\/wp\/v2\/pages\/2587\/revisions"}],"predecessor-version":[{"id":2622,"href":"https:\/\/drndigital.com\/demo\/fahrschule5\/wp-json\/wp\/v2\/pages\/2587\/revisions\/2622"}],"wp:attachment":[{"href":"https:\/\/drndigital.com\/demo\/fahrschule5\/wp-json\/wp\/v2\/media?parent=2587"}],"curies":[{"name":"wp","href":"https:\/\/api.w.org\/{rel}","templated":true}]}}