{"id":2532,"date":"2025-03-10T20:30:24","date_gmt":"2025-03-10T19:30:24","guid":{"rendered":"https:\/\/drndigital.com\/demo\/fahrschule5\/?page_id=2532"},"modified":"2025-03-16T01:49:59","modified_gmt":"2025-03-16T00:49:59","slug":"anfahrt","status":"publish","type":"page","link":"https:\/\/drndigital.com\/demo\/fahrschule5\/anfahrt\/","title":{"rendered":"Anfahrt"},"content":{"rendered":"\t\t<div data-elementor-type=\"wp-page\" data-elementor-id=\"2532\" class=\"elementor elementor-2532\">\n\t\t\t\t<div class=\"elementor-element elementor-element-2b8425b e-flex e-con-boxed e-con e-parent\" data-id=\"2b8425b\" data-element_type=\"container\">\n\t\t\t\t\t<div class=\"e-con-inner\">\n\t\t<div class=\"elementor-element elementor-element-101c860 e-con-full e-flex e-con e-child\" data-id=\"101c860\" data-element_type=\"container\" data-settings=\"{&quot;background_background&quot;:&quot;classic&quot;}\">\n\t\t<div class=\"elementor-element elementor-element-d7ab301 e-con-full e-flex e-con e-child\" data-id=\"d7ab301\" data-element_type=\"container\" data-settings=\"{&quot;background_background&quot;:&quot;classic&quot;}\">\n\t\t\t\t<div class=\"elementor-element elementor-element-9e835ab elementor-widget elementor-widget-text-editor\" data-id=\"9e835ab\" data-element_type=\"widget\" data-widget_type=\"text-editor.default\">\n\t\t\t\t<div class=\"elementor-widget-container\">\n\t\t\t\t\t\t\t\t\t<strong>Firmenname:\n<\/strong><br>\nFahrschule 5 Sterne\t\t\t\t\t\t\t\t<\/div>\n\t\t\t\t<\/div>\n\t\t\t\t<\/div>\n\t\t<div class=\"elementor-element elementor-element-ea075f4 e-con-full e-flex e-con e-child\" data-id=\"ea075f4\" data-element_type=\"container\" data-settings=\"{&quot;background_background&quot;:&quot;classic&quot;}\">\n\t\t\t\t<div class=\"elementor-element elementor-element-d8b8a95 elementor-widget elementor-widget-text-editor\" data-id=\"d8b8a95\" data-element_type=\"widget\" data-widget_type=\"text-editor.default\">\n\t\t\t\t<div class=\"elementor-widget-container\">\n\t\t\t\t\t\t\t\t\t<strong>Anschrift:\n<\/strong>\n<br>\nMariendorfer Damm 53 &#8211; 55, 12109 Berlin\t\t\t\t\t\t\t\t<\/div>\n\t\t\t\t<\/div>\n\t\t\t\t<\/div>\n\t\t<div class=\"elementor-element elementor-element-47f87d8 e-con-full e-flex e-con e-child\" data-id=\"47f87d8\" data-element_type=\"container\" data-settings=\"{&quot;background_background&quot;:&quot;classic&quot;}\">\n\t\t\t\t<div class=\"elementor-element elementor-element-704b1d2 elementor-widget elementor-widget-text-editor\" data-id=\"704b1d2\" data-element_type=\"widget\" data-widget_type=\"text-editor.default\">\n\t\t\t\t<div class=\"elementor-widget-container\">\n\t\t\t\t\t\t\t\t\t<strong>Telefon:\n<\/strong>\n<br>\n030 707 81 096\t\t\t\t\t\t\t\t<\/div>\n\t\t\t\t<\/div>\n\t\t\t\t<\/div>\n\t\t<div class=\"elementor-element elementor-element-97adcf4 e-con-full e-flex e-con e-child\" data-id=\"97adcf4\" data-element_type=\"container\" data-settings=\"{&quot;background_background&quot;:&quot;classic&quot;}\">\n\t\t\t\t<div class=\"elementor-element elementor-element-1ae487f elementor-widget elementor-widget-text-editor\" data-id=\"1ae487f\" data-element_type=\"widget\" data-widget_type=\"text-editor.default\">\n\t\t\t\t<div class=\"elementor-widget-container\">\n\t\t\t\t\t\t\t\t\t<strong>Telefax:\n<\/strong>\n<br>\n030 707 81 958\t\t\t\t\t\t\t\t<\/div>\n\t\t\t\t<\/div>\n\t\t\t\t<\/div>\n\t\t<div class=\"elementor-element elementor-element-c8aaca8 e-con-full e-flex e-con e-child\" data-id=\"c8aaca8\" data-element_type=\"container\" data-settings=\"{&quot;background_background&quot;:&quot;classic&quot;}\">\n\t\t\t\t<div class=\"elementor-element elementor-element-bf44c6d elementor-widget elementor-widget-text-editor\" data-id=\"bf44c6d\" data-element_type=\"widget\" data-widget_type=\"text-editor.default\">\n\t\t\t\t<div class=\"elementor-widget-container\">\n\t\t\t\t\t\t\t\t\t<strong>E-Mail:\n<\/strong>\n<br>\ninfo@fahrschule5yildiz.de\t\t\t\t\t\t\t\t<\/div>\n\t\t\t\t<\/div>\n\t\t\t\t<\/div>\n\t\t\t\t<\/div>\n\t\t<div class=\"elementor-element elementor-element-deab813 e-con-full e-flex e-con e-child\" data-id=\"deab813\" data-element_type=\"container\">\n\t\t\t\t<div class=\"elementor-element elementor-element-6510200 elementor-widget elementor-widget-text-editor\" data-id=\"6510200\" data-element_type=\"widget\" data-widget_type=\"text-editor.default\">\n\t\t\t\t<div class=\"elementor-widget-container\">\n\t\t\t\t\t\t\t\t\t    <style>\n    .route-container {\n        max-width: 100%;\n        margin: 0px auto;\n        padding: 20px;\n        background: #111118; \/* Koyu arka plan *\/\n        color: #ffffff;      \/* Beyaz metin *\/\n        border-radius: 4px;  \/* Daha k\u00f6\u015feli tasar\u0131m *\/\n        box-shadow: 0 2px 5px rgba(0,0,0,0.4);\n        font-family: Arial, sans-serif;\n    }\n    .route-container h2 {\n        margin-top: 0;\n        text-align: center;\n        color: #ffffff;\n    }\n\t.route-container p {\n        color: #ffffff;\n        margin-bottom: 20px;\n    }\n    .route-container p.subtitle {\n        text-align: center;\n        color: #ffffff;\n        margin-bottom: 20px;\n    }\n    .route-container label {\n        display: block;\n        margin-bottom: 6px;\n        font-weight: bold;\n        color: #ffffff;\n    }\n    .route-container input[type=\"text\"] {\n        width: 100%;\n        padding: 10px;\n        margin-bottom: 12px;\n        border: 1px solid #ffffff; \/* Beyaz kenarl\u0131k *\/\n        background: #111118;       \/* Koyu zemin *\/\n        color: #ffffff;            \/* Beyaz yaz\u0131 *\/\n        border-radius: 4px;\n        font-size: 16px;\n    }\n    .route-container input[type=\"text\"]::placeholder {\n        color: #cccccc;\n    }\n    .route-container button {\n        display: inline-block;\n        width: 100%;\n        padding: 12px;\n        background: #ec2426; \/* K\u0131rm\u0131z\u0131 buton *\/\n        color: #ffffff;\n        border: none;\n        border-radius: 4px;\n        cursor: pointer;\n        text-transform: uppercase;\n        font-weight: bold;\n        font-size: 14px;\n    }\n    .route-container button:hover {\n        background: #c51d1e;\n    }\n    <\/style>\n\n    <div class=\"route-container\">\n        <h2>Routenplaner<\/h2>\n        <p class=\"subtitle\">Gib deine Startadresse ein<\/p>\n    \n    \t<p> Sie k\u00f6nnen mit der interaktiven Karte von Google-Maps, den Weg zu uns mithilfe des Google-Routenplaners, einfach und direkt erstellen lassen. Falls Sie weitere Fragen zur Anfahrt haben, k\u00f6nnen Sie uns auch gerne kontaktieren.\n\n\t\t<br>Wir freuen uns schon auf Ihren Besuch!<\/p>\n\n        <label for=\"startadresse\">Startadresse<\/label>\n        <input type=\"text\" id=\"startadresse\" placeholder=\"z.B. Alexanderplatz, Berlin\" \/>\n\n        <button id=\"routeBtn\" type=\"button\">Route erstellen<\/button>\n    <\/div>\n\n    <script>\n    document.addEventListener('DOMContentLoaded', function() {\n        const routeBtn = document.getElementById('routeBtn');\n        const startadresseInput = document.getElementById('startadresse');\n\n        \/\/ Sabit hedef adres\n        const zielAdresse = \"Mariendorfer Damm 53 - 55, 12109 Berlin\";\n\n        routeBtn.addEventListener('click', function() {\n            const startAdresse = startadresseInput.value.trim();\n            if (!startAdresse) {\n                alert(\"Bitte eine g\u00fcltige Startadresse eingeben!\");\n                return;\n            }\n            \/\/ Google Maps y\u00f6nlendirmesi\n            \/\/ 1) Klasik: https:\/\/www.google.com\/maps\/dir\/Start\/Ziel\n            \/\/ 2) API parametresi ile: https:\/\/www.google.com\/maps\/dir\/?api=1&origin=...&destination=...\n            const mapsUrl = \"https:\/\/www.google.com\/maps\/dir\/?api=1\"\n                + \"&origin=\" + encodeURIComponent(startAdresse)\n                + \"&destination=\" + encodeURIComponent(zielAdresse);\n\n            \/\/ Yeni sekmede a\u00e7\n            window.open(mapsUrl, \"_blank\");\n        });\n    });\n    <\/script>\n    \t\t\t\t\t\t\t\t<\/div>\n\t\t\t\t<\/div>\n\t\t\t\t<\/div>\n\t\t\t\t\t<\/div>\n\t\t\t\t<\/div>\n\t\t\t\t<\/div>\n\t\t","protected":false},"excerpt":{"rendered":"<p>Firmenname: Fahrschule 5 SterneAnschrift: Mariendorfer Damm 53 &#8211; 55, 12109 BerlinTelefon: 030 707 81 096Telefax: 030 707 81 958E-Mail: info@fahrschule5yildiz.de<\/p>\n","protected":false},"author":1,"featured_media":0,"parent":0,"menu_order":0,"comment_status":"closed","ping_status":"closed","template":"elementor_header_footer","meta":{"footnotes":""},"class_list":["post-2532","page","type-page","status-publish","hentry"],"_links":{"self":[{"href":"https:\/\/drndigital.com\/demo\/fahrschule5\/wp-json\/wp\/v2\/pages\/2532","targetHints":{"allow":["GET"]}}],"collection":[{"href":"https:\/\/drndigital.com\/demo\/fahrschule5\/wp-json\/wp\/v2\/pages"}],"about":[{"href":"https:\/\/drndigital.com\/demo\/fahrschule5\/wp-json\/wp\/v2\/types\/page"}],"author":[{"embeddable":true,"href":"https:\/\/drndigital.com\/demo\/fahrschule5\/wp-json\/wp\/v2\/users\/1"}],"replies":[{"embeddable":true,"href":"https:\/\/drndigital.com\/demo\/fahrschule5\/wp-json\/wp\/v2\/comments?post=2532"}],"version-history":[{"count":19,"href":"https:\/\/drndigital.com\/demo\/fahrschule5\/wp-json\/wp\/v2\/pages\/2532\/revisions"}],"predecessor-version":[{"id":2700,"href":"https:\/\/drndigital.com\/demo\/fahrschule5\/wp-json\/wp\/v2\/pages\/2532\/revisions\/2700"}],"wp:attachment":[{"href":"https:\/\/drndigital.com\/demo\/fahrschule5\/wp-json\/wp\/v2\/media?parent=2532"}],"curies":[{"name":"wp","href":"https:\/\/api.w.org\/{rel}","templated":true}]}}