{"id":3018,"date":"2025-03-14T16:03:36","date_gmt":"2025-03-14T15:03:36","guid":{"rendered":"https:\/\/drndigital.com\/demo\/cesar-fahrschule\/?page_id=3018"},"modified":"2025-03-14T16:03:37","modified_gmt":"2025-03-14T15:03:37","slug":"jobs","status":"publish","type":"page","link":"https:\/\/drndigital.com\/demo\/cesar-fahrschule\/jobs\/","title":{"rendered":"JOBS"},"content":{"rendered":"<p><strong>Aufgepasst!<\/strong><\/p><p><strong>Fahrschule CeSar &#8211; Werde Teil unseres Teams!<\/strong><\/p><p>Wir suchen engagierte Fahrlehrer (m\/w\/d) der Klassen B\/BE, die mit Herz und Leidenschaft bei der Sache sind und unser famili\u00e4r gef\u00fchrtes Team in Zehlendorf verst\u00e4rken m\u00f6chten.<\/p><p><strong>Dein Profil:<\/strong><\/p><ul class=\"wp-block-list\"><li>Du hast eine abgeschlossene Ausbildung als Fahrlehrer, auch Anw\u00e4rter sind willkommen.<\/li>\n\n<li>Du bist motiviert, engagiert und hast eine gro\u00dfe Freude an der Ausbildung von Fahrsch\u00fclern.<\/li><\/ul><p><strong>Was wir bieten:<\/strong><\/p><ul class=\"wp-block-list\"><li>Au\u00dferordentlich gute Bezahlung<\/li>\n\n<li>Entspannte Arbeitsatmosph\u00e4re<\/li>\n\n<li>Flexibilit\u00e4t in der Arbeitszeitgestaltung \u2013 ideal f\u00fcr Familienmenschen oder Workaholics<\/li><\/ul>","protected":false},"excerpt":{"rendered":"<p>Aufgepasst! Fahrschule CeSar &#8211; Werde Teil unseres Teams! Wir suchen engagierte Fahrlehrer (m\/w\/d) der Klassen B\/BE, die mit Herz und Leidenschaft bei der Sache sind und unser famili\u00e4r gef\u00fchrtes Team in Zehlendorf verst\u00e4rken m\u00f6chten. Dein Profil: Was wir bieten:<\/p>\n","protected":false},"author":1,"featured_media":0,"parent":0,"menu_order":0,"comment_status":"closed","ping_status":"closed","template":"","meta":{"footnotes":""},"class_list":["post-3018","page","type-page","status-publish","hentry","page--item"],"_links":{"self":[{"href":"https:\/\/drndigital.com\/demo\/cesar-fahrschule\/wp-json\/wp\/v2\/pages\/3018","targetHints":{"allow":["GET"]}}],"collection":[{"href":"https:\/\/drndigital.com\/demo\/cesar-fahrschule\/wp-json\/wp\/v2\/pages"}],"about":[{"href":"https:\/\/drndigital.com\/demo\/cesar-fahrschule\/wp-json\/wp\/v2\/types\/page"}],"author":[{"embeddable":true,"href":"https:\/\/drndigital.com\/demo\/cesar-fahrschule\/wp-json\/wp\/v2\/users\/1"}],"replies":[{"embeddable":true,"href":"https:\/\/drndigital.com\/demo\/cesar-fahrschule\/wp-json\/wp\/v2\/comments?post=3018"}],"version-history":[{"count":1,"href":"https:\/\/drndigital.com\/demo\/cesar-fahrschule\/wp-json\/wp\/v2\/pages\/3018\/revisions"}],"predecessor-version":[{"id":3019,"href":"https:\/\/drndigital.com\/demo\/cesar-fahrschule\/wp-json\/wp\/v2\/pages\/3018\/revisions\/3019"}],"wp:attachment":[{"href":"https:\/\/drndigital.com\/demo\/cesar-fahrschule\/wp-json\/wp\/v2\/media?parent=3018"}],"curies":[{"name":"wp","href":"https:\/\/api.w.org\/{rel}","templated":true}]}}